{"id":3,"date":"2019-10-01T23:39:00","date_gmt":"2019-10-01T23:39:00","guid":{"rendered":"http:\/\/86b8d774132251680.temporary.link\/?page_id=3"},"modified":"2021-06-02T03:24:20","modified_gmt":"2021-06-02T01:24:20","slug":"privacy-policy","status":"publish","type":"page","link":"https:\/\/poweredbyenos.com\/fr\/privacy-policy\/","title":{"rendered":"privacy policy"},"content":{"rendered":"[et_pb_section fb_built=&#8221;1&#8243; _builder_version=&#8221;3.22&#8243;][et_pb_row _builder_version=&#8221;3.25&#8243; background_size=&#8221;initial&#8221; background_position=&#8221;top_left&#8221; background_repeat=&#8221;repeat&#8221; hover_enabled=&#8221;0&#8243; sticky_enabled=&#8221;0&#8243; column_structure=&#8221;2_3,1_3&#8243;][et_pb_column type=&#8221;2_3&#8243; _builder_version=&#8221;3.25&#8243; custom_padding=&#8221;|||&#8221; custom_padding__hover=&#8221;|||&#8221;][et_pb_text _builder_version=&#8221;4.9.4&#8243; background_size=&#8221;initial&#8221; background_position=&#8221;top_left&#8221; background_repeat=&#8221;repeat&#8221; hover_enabled=&#8221;0&#8243; sticky_enabled=&#8221;0&#8243;]<p><\/p>\n<h2 class=\"wp-block-heading\">Notre politique de confidentialit\u00e9<\/h2>\n<p>&nbsp;<\/p>\n<p>Cette page d\u00e9crit la politique de confidentialit\u00e9 de notre site internet www.poweredbyenos.com<\/p>\n<p>Notre politique de confidentialit\u00e9 est simple : nous ne rassemblons aucune information personnelle lors de votre visite sur notre site internet sauf si vous choisissez de nous fournir ces informations \u00e0 l\u2019aide de notre formulaire de contact sur cette page : <a href=\"https:\/\/poweredbyenos.com\/fr\/contact-us\/\">https:\/\/poweredbyenos.com\/contact-us\/<\/a><\/p>\n<p>Les informations recueillies sur le formulaire de contact sont enregistr\u00e9es dans un fichier informatis\u00e9 par notre service commercial ou notre service d\u2019assistance technique pour pouvoir g\u00e9rer votre demande dans les meilleurs conditions et d\u00e9lais.\nLes donn\u00e9es collect\u00e9es seront strictement r\u00e9serv\u00e9es \u00e0 un usage interne et ne sont en aucun cas partag\u00e9es avec des tierces parties.\nLes donn\u00e9es sont conserv\u00e9es pour le temps n\u00e9cessaire au traitement de votre demande et les suivis \u00e9ventuels n\u00e9cessaires.<\/p>\n<p>Vous pouvez acc\u00e9der aux donn\u00e9es vous concernant, les rectifier, demander leur effacement ou exercer votre droit \u00e0 la limitation du traitement de vos donn\u00e9es. Pour exercer ces droits ou pour toute question sur le traitement de vos donn\u00e9es, vous pouvez nous contacter aux coordonn\u00e9es indiqu\u00e9es sur la page:<a href=\"https:\/\/poweredbyenos.com\/fr\/contact-us\/\">\u00a0https:\/\/poweredbyenos.com\/contact-us\/<\/a><\/p>\n<p>Consultez le site cnil.fr pour plus d\u2019informations sur vos droits.\nSi vous estimez, apr\u00e8s nous avoir contact\u00e9s, que vos droits \u00ab Informatique et Libert\u00e9s \u00bb ne sont pas respect\u00e9s, vous pouvez adresser une r\u00e9clamation \u00e0 la CNIL.<\/p>\n<p><\/p>\n<h3><\/h3>\n<p><!-- \/wp:post-content --><\/p>[\/et_pb_text][\/et_pb_column][et_pb_column type=&#8221;1_3&#8243; _builder_version=&#8221;3.25&#8243; custom_padding=&#8221;|||&#8221; custom_padding__hover=&#8221;|||&#8221;][\/et_pb_column][\/et_pb_row][\/et_pb_section]","protected":false},"excerpt":{"rendered":"<p>Our Privacy Policy &nbsp; This page describes the privacy policy for our website www.poweredbyenos.com Our privacy policy is simple: we do not collect any personal information when you visit our website unless you choose to provide this information using our contact form: https:\/\/poweredbyenos.com\/contact-us\/ The information collected on the contact form is recorded in a digital [&hellip;]<\/p>","protected":false},"author":43,"featured_media":0,"parent":0,"menu_order":0,"comment_status":"closed","ping_status":"closed","template":"","meta":{"_et_pb_use_builder":"on","_et_pb_old_content":"<!-- wp:heading -->\r\n<h2>Who we are<\/h2>\r\n<!-- \/wp:heading --><!-- wp:paragraph -->\r\n<p>Our website address is: http:\/\/86b8d774132251680.temporary.link.<\/p>\r\n<!-- \/wp:paragraph --><!-- wp:heading -->\r\n<h2>What personal data we collect and why we collect it<\/h2>\r\n<!-- \/wp:heading --><!-- wp:heading {\"level\":3} -->\r\n<h3>Comments<\/h3>\r\n<!-- \/wp:heading --><!-- wp:paragraph -->\r\n<p>When visitors leave comments on the site we collect the data shown in the comments form, and also the visitor\u2019s IP address and browser user agent string to help spam detection.<\/p>\r\n<!-- \/wp:paragraph --><!-- wp:paragraph -->\r\n<p>An anonymized string created from your email address (also called a hash) may be provided to the Gravatar service to see if you are using it. The Gravatar service privacy policy is available here: https:\/\/automattic.com\/privacy\/. After approval of your comment, your profile picture is visible to the public in the context of your comment.<\/p>\r\n<!-- \/wp:paragraph --><!-- wp:heading {\"level\":3} -->\r\n<h3>Media<\/h3>\r\n<!-- \/wp:heading --><!-- wp:paragraph -->\r\n<p>If you upload images to the website, you should avoid uploading images with embedded location data (EXIF GPS) included. Visitors to the website can download and extract any location data from images on the website.<\/p>\r\n<!-- \/wp:paragraph --><!-- wp:heading {\"level\":3} -->\r\n<h3>Contact forms<\/h3>\r\n<!-- \/wp:heading --><!-- wp:heading {\"level\":3} -->\r\n<h3>Cookies<\/h3>\r\n<!-- \/wp:heading --><!-- wp:paragraph -->\r\n<p>If you leave a comment on our site you may opt-in to saving your name, email address and website in cookies. These are for your convenience so that you do not have to fill in your details again when you leave another comment. These cookies will last for one year.<\/p>\r\n<!-- \/wp:paragraph --><!-- wp:paragraph -->\r\n<p>If you visit our login page, we will set a temporary cookie to determine if your browser accepts cookies. This cookie contains no personal data and is discarded when you close your browser.<\/p>\r\n<!-- \/wp:paragraph --><!-- wp:paragraph -->\r\n<p>When you log in, we will also set up several cookies to save your login information and your screen display choices. Login cookies last for two days, and screen options cookies last for a year. If you select \"Remember Me\", your login will persist for two weeks. If you log out of your account, the login cookies will be removed.<\/p>\r\n<!-- \/wp:paragraph --><!-- wp:paragraph -->\r\n<p>If you edit or publish an article, an additional cookie will be saved in your browser. This cookie includes no personal data and simply indicates the post ID of the article you just edited. It expires after 1 day.<\/p>\r\n<!-- \/wp:paragraph --><!-- wp:heading {\"level\":3} -->\r\n<h3>Embedded content from other websites<\/h3>\r\n<!-- \/wp:heading --><!-- wp:paragraph -->\r\n<p>Articles on this site may include embedded content (e.g. videos, images, articles, etc.). Embedded content from other websites behaves in the exact same way as if the visitor has visited the other website.<\/p>\r\n<!-- \/wp:paragraph --><!-- wp:paragraph -->\r\n<p>These websites may collect data about you, use cookies, embed additional third-party tracking, and monitor your interaction with that embedded content, including tracking your interaction with the embedded content if you have an account and are logged in to that website.<\/p>\r\n<!-- \/wp:paragraph --><!-- wp:heading {\"level\":3} -->\r\n<h3>Analytics<\/h3>\r\n<!-- \/wp:heading --><!-- wp:heading -->\r\n<h2>Who we share your data with<\/h2>\r\n<!-- \/wp:heading --><!-- wp:heading -->\r\n<h2>How long we retain your data<\/h2>\r\n<!-- \/wp:heading --><!-- wp:paragraph -->\r\n<p>If you leave a comment, the comment and its metadata are retained indefinitely. This is so we can recognize and approve any follow-up comments automatically instead of holding them in a moderation queue.<\/p>\r\n<!-- \/wp:paragraph --><!-- wp:paragraph -->\r\n<p>For users that register on our website (if any), we also store the personal information they provide in their user profile. All users can see, edit, or delete their personal information at any time (except they cannot change their username). Website administrators can also see and edit that information.<\/p>\r\n<!-- \/wp:paragraph --><!-- wp:heading -->\r\n<h2>What rights you have over your data<\/h2>\r\n<!-- \/wp:heading --><!-- wp:paragraph -->\r\n<p>If you have an account on this site, or have left comments, you can request to receive an exported file of the personal data we hold about you, including any data you have provided to us. You can also request that we erase any personal data we hold about you. This does not include any data we are obliged to keep for administrative, legal, or security purposes.<\/p>\r\n<!-- \/wp:paragraph --><!-- wp:heading -->\r\n<h2>Where we send your data<\/h2>\r\n<!-- \/wp:heading --><!-- wp:paragraph -->\r\n<p>Visitor comments may be checked through an automated spam detection service.<\/p>\r\n<!-- \/wp:paragraph --><!-- wp:heading -->\r\n<h2>Your contact information<\/h2>\r\n<!-- \/wp:heading --><!-- wp:heading -->\r\n<h2>Additional information<\/h2>\r\n<!-- \/wp:heading --><!-- wp:heading {\"level\":3} -->\r\n<h3>How we protect your data<\/h3>\r\n<!-- \/wp:heading --><!-- wp:heading {\"level\":3} -->\r\n<h3>What data breach procedures we have in place<\/h3>\r\n<!-- \/wp:heading --><!-- wp:heading {\"level\":3} -->\r\n<h3>What third parties we receive data from<\/h3>\r\n<!-- \/wp:heading --><!-- wp:heading {\"level\":3} -->\r\n<h3>What automated decision making and\/or profiling we do with user data<\/h3>\r\n<!-- \/wp:heading --><!-- wp:heading {\"level\":3} -->\r\n<h3>Industry regulatory disclosure requirements<\/h3>\r\n<!-- \/wp:heading -->","_et_gb_content_width":"","_monsterinsights_skip_tracking":false,"_monsterinsights_sitenote_active":false,"_monsterinsights_sitenote_note":"","_monsterinsights_sitenote_category":0,"footnotes":""},"class_list":["post-3","page","type-page","status-publish","hentry"],"yoast_head":"<!-- This site is optimized with the Yoast SEO plugin v24.9 - https:\/\/yoast.com\/wordpress\/plugins\/seo\/ -->\n<title>privacy policy - enos<\/title>\n<meta name=\"robots\" content=\"index, follow, max-snippet:-1, max-image-preview:large, max-video-preview:-1\" \/>\n<link rel=\"canonical\" href=\"https:\/\/poweredbyenos.com\/fr\/privacy-policy\/\" \/>\n<meta property=\"og:locale\" content=\"fr_FR\" \/>\n<meta property=\"og:type\" content=\"article\" \/>\n<meta property=\"og:title\" content=\"privacy policy - enos\" \/>\n<meta property=\"og:description\" content=\"Our Privacy Policy &nbsp; This page describes the privacy policy for our website www.poweredbyenos.com Our privacy policy is simple: we do not collect any personal information when you visit our website unless you choose to provide this information using our contact form: https:\/\/poweredbyenos.com\/contact-us\/ The information collected on the contact form is recorded in a digital [&hellip;]\" \/>\n<meta property=\"og:url\" content=\"https:\/\/poweredbyenos.com\/fr\/privacy-policy\/\" \/>\n<meta property=\"og:site_name\" content=\"enos\" \/>\n<meta property=\"article:modified_time\" content=\"2021-06-02T01:24:20+00:00\" \/>\n<meta name=\"twitter:card\" content=\"summary_large_image\" \/>\n<meta name=\"twitter:label1\" content=\"Dur\u00e9e de lecture estim\u00e9e\" \/>\n\t<meta name=\"twitter:data1\" content=\"1 minute\" \/>\n<script type=\"application\/ld+json\" class=\"yoast-schema-graph\">{\"@context\":\"https:\/\/schema.org\",\"@graph\":[{\"@type\":\"WebPage\",\"@id\":\"https:\/\/poweredbyenos.com\/privacy-policy\/\",\"url\":\"https:\/\/poweredbyenos.com\/privacy-policy\/\",\"name\":\"privacy policy - enos\",\"isPartOf\":{\"@id\":\"https:\/\/poweredbyenos.com\/#website\"},\"datePublished\":\"2019-10-01T23:39:00+00:00\",\"dateModified\":\"2021-06-02T01:24:20+00:00\",\"breadcrumb\":{\"@id\":\"https:\/\/poweredbyenos.com\/privacy-policy\/#breadcrumb\"},\"inLanguage\":\"fr-FR\",\"potentialAction\":[{\"@type\":\"ReadAction\",\"target\":[\"https:\/\/poweredbyenos.com\/privacy-policy\/\"]}]},{\"@type\":\"BreadcrumbList\",\"@id\":\"https:\/\/poweredbyenos.com\/privacy-policy\/#breadcrumb\",\"itemListElement\":[{\"@type\":\"ListItem\",\"position\":1,\"name\":\"Home\",\"item\":\"https:\/\/poweredbyenos.com\/\"},{\"@type\":\"ListItem\",\"position\":2,\"name\":\"privacy policy\"}]},{\"@type\":\"WebSite\",\"@id\":\"https:\/\/poweredbyenos.com\/#website\",\"url\":\"https:\/\/poweredbyenos.com\/\",\"name\":\"enos\",\"description\":\"born adaptable\",\"publisher\":{\"@id\":\"https:\/\/poweredbyenos.com\/#organization\"},\"potentialAction\":[{\"@type\":\"SearchAction\",\"target\":{\"@type\":\"EntryPoint\",\"urlTemplate\":\"https:\/\/poweredbyenos.com\/?s={search_term_string}\"},\"query-input\":{\"@type\":\"PropertyValueSpecification\",\"valueRequired\":true,\"valueName\":\"search_term_string\"}}],\"inLanguage\":\"fr-FR\"},{\"@type\":\"Organization\",\"@id\":\"https:\/\/poweredbyenos.com\/#organization\",\"name\":\"BSI\",\"url\":\"https:\/\/poweredbyenos.com\/\",\"logo\":{\"@type\":\"ImageObject\",\"inLanguage\":\"fr-FR\",\"@id\":\"https:\/\/poweredbyenos.com\/#\/schema\/logo\/image\/\",\"url\":\"https:\/\/poweredbyenos.com\/wp-content\/uploads\/2019\/10\/Logo-BSI.png\",\"contentUrl\":\"https:\/\/poweredbyenos.com\/wp-content\/uploads\/2019\/10\/Logo-BSI.png\",\"width\":391,\"height\":228,\"caption\":\"BSI\"},\"image\":{\"@id\":\"https:\/\/poweredbyenos.com\/#\/schema\/logo\/image\/\"},\"sameAs\":[\"https:\/\/www.linkedin.com\/company\/poweredbyenos\/\"]}]}<\/script>\n<!-- \/ Yoast SEO plugin. -->","yoast_head_json":{"title":"privacy policy - enos","robots":{"index":"index","follow":"follow","max-snippet":"max-snippet:-1","max-image-preview":"max-image-preview:large","max-video-preview":"max-video-preview:-1"},"canonical":"https:\/\/poweredbyenos.com\/fr\/privacy-policy\/","og_locale":"fr_FR","og_type":"article","og_title":"privacy policy - enos","og_description":"Our Privacy Policy &nbsp; This page describes the privacy policy for our website www.poweredbyenos.com Our privacy policy is simple: we do not collect any personal information when you visit our website unless you choose to provide this information using our contact form: https:\/\/poweredbyenos.com\/contact-us\/ The information collected on the contact form is recorded in a digital [&hellip;]","og_url":"https:\/\/poweredbyenos.com\/fr\/privacy-policy\/","og_site_name":"enos","article_modified_time":"2021-06-02T01:24:20+00:00","twitter_card":"summary_large_image","twitter_misc":{"Dur\u00e9e de lecture estim\u00e9e":"1 minute"},"schema":{"@context":"https:\/\/schema.org","@graph":[{"@type":"WebPage","@id":"https:\/\/poweredbyenos.com\/privacy-policy\/","url":"https:\/\/poweredbyenos.com\/privacy-policy\/","name":"privacy policy - enos","isPartOf":{"@id":"https:\/\/poweredbyenos.com\/#website"},"datePublished":"2019-10-01T23:39:00+00:00","dateModified":"2021-06-02T01:24:20+00:00","breadcrumb":{"@id":"https:\/\/poweredbyenos.com\/privacy-policy\/#breadcrumb"},"inLanguage":"fr-FR","potentialAction":[{"@type":"ReadAction","target":["https:\/\/poweredbyenos.com\/privacy-policy\/"]}]},{"@type":"BreadcrumbList","@id":"https:\/\/poweredbyenos.com\/privacy-policy\/#breadcrumb","itemListElement":[{"@type":"ListItem","position":1,"name":"Home","item":"https:\/\/poweredbyenos.com\/"},{"@type":"ListItem","position":2,"name":"privacy policy"}]},{"@type":"WebSite","@id":"https:\/\/poweredbyenos.com\/#website","url":"https:\/\/poweredbyenos.com\/","name":"enos","description":"born adaptable","publisher":{"@id":"https:\/\/poweredbyenos.com\/#organization"},"potentialAction":[{"@type":"SearchAction","target":{"@type":"EntryPoint","urlTemplate":"https:\/\/poweredbyenos.com\/?s={search_term_string}"},"query-input":{"@type":"PropertyValueSpecification","valueRequired":true,"valueName":"search_term_string"}}],"inLanguage":"fr-FR"},{"@type":"Organization","@id":"https:\/\/poweredbyenos.com\/#organization","name":"BSI","url":"https:\/\/poweredbyenos.com\/","logo":{"@type":"ImageObject","inLanguage":"fr-FR","@id":"https:\/\/poweredbyenos.com\/#\/schema\/logo\/image\/","url":"https:\/\/poweredbyenos.com\/wp-content\/uploads\/2019\/10\/Logo-BSI.png","contentUrl":"https:\/\/poweredbyenos.com\/wp-content\/uploads\/2019\/10\/Logo-BSI.png","width":391,"height":228,"caption":"BSI"},"image":{"@id":"https:\/\/poweredbyenos.com\/#\/schema\/logo\/image\/"},"sameAs":["https:\/\/www.linkedin.com\/company\/poweredbyenos\/"]}]}},"jetpack_sharing_enabled":true,"_links":{"self":[{"href":"https:\/\/poweredbyenos.com\/fr\/wp-json\/wp\/v2\/pages\/3","targetHints":{"allow":["GET"]}}],"collection":[{"href":"https:\/\/poweredbyenos.com\/fr\/wp-json\/wp\/v2\/pages"}],"about":[{"href":"https:\/\/poweredbyenos.com\/fr\/wp-json\/wp\/v2\/types\/page"}],"author":[{"embeddable":true,"href":"https:\/\/poweredbyenos.com\/fr\/wp-json\/wp\/v2\/users\/43"}],"replies":[{"embeddable":true,"href":"https:\/\/poweredbyenos.com\/fr\/wp-json\/wp\/v2\/comments?post=3"}],"version-history":[{"count":4,"href":"https:\/\/poweredbyenos.com\/fr\/wp-json\/wp\/v2\/pages\/3\/revisions"}],"predecessor-version":[{"id":1512,"href":"https:\/\/poweredbyenos.com\/fr\/wp-json\/wp\/v2\/pages\/3\/revisions\/1512"}],"wp:attachment":[{"href":"https:\/\/poweredbyenos.com\/fr\/wp-json\/wp\/v2\/media?parent=3"}],"curies":[{"name":"wp","href":"https:\/\/api.w.org\/{rel}","templated":true}]}}