{"id":31,"date":"2019-10-02T01:51:46","date_gmt":"2019-10-02T01:51:46","guid":{"rendered":"http:\/\/86b8d774132251680.temporary.link\/?page_id=31"},"modified":"2021-05-03T11:03:51","modified_gmt":"2021-05-03T09:03:51","slug":"service-and-support","status":"publish","type":"page","link":"https:\/\/poweredbyenos.com\/fr\/service-and-support\/","title":{"rendered":"service &amp; support"},"content":{"rendered":"<p>[et_pb_section fb_built=&#8221;1&#8243; custom_padding_last_edited=&#8221;on|phone&#8221; _builder_version=&#8221;3.27&#8243; background_image=&#8221;https:\/\/poweredbyenos.com\/wp-content\/uploads\/2019\/10\/pattern.jpg&#8221; background_position=&#8221;top_center&#8221; custom_padding=&#8221;25px||25px||true|false&#8221; custom_padding_tablet=&#8221;25px||25px||true|false&#8221; custom_padding_phone=&#8221;20px||20px||true|false&#8221;][et_pb_row column_structure=&#8221;3_5,2_5&#8243; custom_padding_last_edited=&#8221;on|tablet&#8221; _builder_version=&#8221;3.27&#8243; custom_padding_tablet=&#8221;||||false|false&#8221; custom_padding_phone=&#8221;&#8221;][et_pb_column type=&#8221;3_5&#8243; _builder_version=&#8221;3.27&#8243;][et_pb_text _builder_version=&#8221;3.29.3&#8243; text_font_size=&#8221;19px&#8221; header_font=&#8221;|600|||||||&#8221; header_font_size=&#8221;50px&#8221; background_layout=&#8221;dark&#8221; text_font_size_tablet=&#8221;17px&#8221; text_font_size_phone=&#8221;15px&#8221; text_font_size_last_edited=&#8221;on|phone&#8221; header_font_size_tablet=&#8221;45px&#8221; header_font_size_phone=&#8221;40px&#8221; header_font_size_last_edited=&#8221;on|phone&#8221;]<\/p>\n<h1>Service et Support<\/h1>\n<p>[\/et_pb_text][\/et_pb_column][et_pb_column type=&#8221;2_5&#8243; _builder_version=&#8221;3.27&#8243;][\/et_pb_column][\/et_pb_row][\/et_pb_section][et_pb_section fb_built=&#8221;1&#8243; _builder_version=&#8221;3.27&#8243; background_color=&#8221;rgba(0,0,0,0.04)&#8221; background_enable_image=&#8221;off&#8221;][et_pb_row _builder_version=&#8221;3.27&#8243;][et_pb_column type=&#8221;4_4&#8243; _builder_version=&#8221;3.27&#8243;][et_pb_text _builder_version=&#8221;3.27.4&#8243; header_3_font=&#8221;|600|||||||&#8221; text_text_align_phone=&#8221;center&#8221; text_text_align_last_edited=&#8221;on|phone&#8221;]<\/p>\n<h2>Notre approche pour r\u00e9aliser votre projet<\/h2>\n<p>Chez BSI, nous reconnaissons que chaque projet client requiert un plan sp\u00e9cifique pour r\u00e9ussir.  Nous commen\u00e7ons chaque projet en nous focalisant sur vos objectifs et vos attentes afin que nous les prenions en compte d\u00e8s le d\u00e9part pour optimiser la conception de votre nouvelle plate-forme.<\/p>\n<p>Nous comprenons que planifier et d\u00e9ployer une plate-forme num\u00e9rique pour g\u00e9rer les ressources des animaleries est un projet complexe. Nous vous aidons \u00e0 g\u00e9rer la transition afin de minimiser les obstacles et assurer une mise en place efficace.<\/p>\n<p>Nous utilisons une m\u00e9thodologie bien d\u00e9finie et \u00e9prouv\u00e9e  pour assurer une transition en douceur vers enos. Les \u00e9l\u00e9ments cl\u00e9s de notre processus incluent gestion de projet, planification d\u00e9taill\u00e9e et formation du personnel sp\u00e9cialis\u00e9.<\/p>\n<p><span style=\"font-size: 15px;\">Une fois le d\u00e9ploiement termin\u00e9, notre \u00e9quipe BSI Care continue de travailler avec vous pour assurer un succ\u00e8s continu.<\/span><\/p>\n<p>[\/et_pb_text][\/et_pb_column][\/et_pb_row][et_pb_row _builder_version=&#8221;3.27&#8243;][et_pb_column type=&#8221;4_4&#8243; _builder_version=&#8221;3.27&#8243;][et_pb_blurb title=&#8221;Project Management&#8221; url=&#8221;https:\/\/poweredbyenos.com\/our-story#staff-bios&#8221; use_icon=&#8221;on&#8221; font_icon=&#8221;%%159%%&#8221; icon_color=&#8221;#ffffff&#8221; use_circle=&#8221;on&#8221; icon_placement=&#8221;left&#8221; content_max_width=&#8221;100%&#8221; _builder_version=&#8221;3.29.3&#8243;]<a href=\"https:\/\/poweredbyenos.com\/fr\/our-story\/#staff-bios\">Notre \u00e9quipe<\/a> brings years of extensive experience to your projects with successful implementations in Academia, Government, Pharma, CRO and Animal breeders. Together with the key staff from your facility, we determine the project goals and deliverables.[\/et_pb_blurb][et_pb_blurb title=&#8221;Scheduling&#8221; use_icon=&#8221;on&#8221; font_icon=&#8221;%%67%%&#8221; icon_color=&#8221;#ffffff&#8221; use_circle=&#8221;on&#8221; icon_placement=&#8221;left&#8221; content_max_width=&#8221;100%&#8221; _builder_version=&#8221;3.27&#8243;]<\/p>\n<p>En d\u00e9but du projet, nous \u00e9tablissons avec vous un calendrier identifiant les livrables et les informations dont nous avons besoin pour nous permettre de respecter les d\u00e9lais et les objectifs du projet. Nous travaillons avec vous pour mener \u00e0 bien toutes les activit\u00e9s dans les d\u00e9lais impartis.<\/p>\n<p>[\/et_pb_blurb][et_pb_blurb title=&#8221;Training&#8221; use_icon=&#8221;on&#8221; font_icon=&#8221;%%283%%&#8221; icon_color=&#8221;#ffffff&#8221; use_circle=&#8221;on&#8221; icon_placement=&#8221;left&#8221; content_max_width=&#8221;100%&#8221; _builder_version=&#8221;3.27&#8243;]<\/p>\n<p>La formation est une partie essentielle de toute mise en place. BSI fournit une formation sp\u00e9cifique et adapt\u00e9e aux diff\u00e9rents r\u00f4les du personnel de votre centre. En particulier, la s\u00e9lection et la formation de \u00ab\u202fsuper utilisateurs\u202f\u00bb et r\u00e9f\u00e9rents vous permet de disposer d\u2019experts internes.<\/p>\n<p>[\/et_pb_blurb][et_pb_blurb title=&#8221;Data Migration Service&#8221; use_icon=&#8221;on&#8221; font_icon=&#8221;%%145%%&#8221; icon_color=&#8221;#ffffff&#8221; use_circle=&#8221;on&#8221; icon_placement=&#8221;left&#8221; content_max_width=&#8221;100%&#8221; _builder_version=&#8221;3.27&#8243;]<\/p>\n<p>Nous proposons un service optionnel pour reprendre vos donn\u00e9es historiques et les transf\u00e9rer sur votre nouvelle plateforme enos. Cela garantit une continuit\u00e9 dans vos processus et la disponibilit\u00e9 de donn\u00e9es importantes, par exemple le fond g\u00e9n\u00e9tiques dans le cadre de l\u2019\u00e9levage ou l\u2019historique de protocoles.<\/p>\n<p>[\/et_pb_blurb][et_pb_blurb title=&#8221;BSI Care Team&#8221; use_icon=&#8221;on&#8221; font_icon=&#8221;%%86%%&#8221; icon_color=&#8221;#ffffff&#8221; use_circle=&#8221;on&#8221; icon_placement=&#8221;left&#8221; content_max_width=&#8221;100%&#8221; _builder_version=&#8221;3.27&#8243;]<\/p>\n<p>Notre \u00ab\u202fCare Team\u202f\u00bb est form\u00e9 pour vous apporter le meilleur soutien et une exp\u00e9rience client de qualit\u00e9. Notre mission est de vous accompagner au plus pr\u00e8s pour r\u00e9pondre \u00e0 vos besoins actuels et futurs.<\/p>\n<p>\u00a0Avec nos bureaux situ\u00e9s en Europe, en Am\u00e9rique du Nord et en Asie-Pacifique, nous sommes en capacit\u00e9 de r\u00e9pondre rapidement et en plusieurs langues, pour garantir une exp\u00e9rience client positive.<\/p>\n<p>[\/et_pb_blurb][\/et_pb_column][\/et_pb_row][\/et_pb_section][et_pb_section fb_built=&#8221;1&#8243; _builder_version=&#8221;3.27&#8243; global_module=&#8221;502&#8243;][et_pb_row _builder_version=&#8221;3.27&#8243; max_width=&#8221;700px&#8221;][et_pb_column type=&#8221;4_4&#8243; _builder_version=&#8221;3.27&#8243;][et_pb_text _builder_version=&#8221;3.27.4&#8243; header_font=&#8221;|600|||||||&#8221; header_text_align=&#8221;center&#8221;]<\/p>\n<h1><strong>Nous sommes \u00e0 votre service <\/strong><\/h1>\n<p>[\/et_pb_text][et_pb_divider color=&#8221;#546061&#8243; divider_weight=&#8221;4px&#8221; _builder_version=&#8221;3.27&#8243; max_width=&#8221;85px&#8221; module_alignment=&#8221;center&#8221; custom_margin=&#8221;-20px||0px||false|false&#8221;][\/et_pb_divider][et_pb_text _builder_version=&#8221;3.27.4&#8243; text_font_size=&#8221;16px&#8221; header_font=&#8221;|600|||||||&#8221; header_text_align=&#8221;center&#8221; text_orientation=&#8221;center&#8221; custom_padding=&#8221;||20px||false|false&#8221; text_text_align=&#8221;center&#8221;]<\/p>\n<p>If you need support, our Care team is ready to help.<\/p>\n<p>Please <a href=\"https:\/\/poweredbyenos.com\/fr\/contact-us\/\">contact us on this page<\/a> and select &#8220;Technical Support&#8221;.\u00a0<\/p>\n<p>[\/et_pb_text][\/et_pb_column][\/et_pb_row][\/et_pb_section][et_pb_section fb_built=&#8221;1&#8243; module_id=&#8221;enos-footer&#8221; module_class=&#8221;enos-footer&#8221; _builder_version=&#8221;3.29.3&#8243; background_image=&#8221;https:\/\/poweredbyenos.com\/wp-content\/uploads\/2019\/10\/footer-bg.jpg&#8221; global_module=&#8221;116&#8243; saved_tabs=&#8221;all&#8221;][et_pb_row column_structure=&#8221;1_4,1_4,1_4,1_4&#8243; use_custom_gutter=&#8221;on&#8221; _builder_version=&#8221;3.27&#8243;][et_pb_column type=&#8221;1_4&#8243; _builder_version=&#8221;3.27&#8243;][et_pb_text content_tablet=&#8221;&#8221; content_phone=&#8221;&#8221; content_last_edited=&#8221;on|desktop&#8221; _builder_version=&#8221;3.29.3&#8243; text_font=&#8221;|300|||||||&#8221; text_text_color=&#8221;#ffffff&#8221; header_5_font=&#8221;|600|||||||&#8221; header_5_text_color=&#8221;#ffffff&#8221; custom_margin=&#8221;||30px||false|false&#8221; custom_css_main_element=&#8221;color:rgb(255,255,255) !important;&#8221;]<\/p>\n<h5>BSI Europe<\/h5>\n<p><strong>FRANCE<\/strong><br \/><strong> +33 450 10 22 60<\/strong><\/p>\n<p>[\/et_pb_text][\/et_pb_column][et_pb_column type=&#8221;1_4&#8243; _builder_version=&#8221;3.27&#8243;][et_pb_text _builder_version=&#8221;3.29.3&#8243; text_font=&#8221;|300|||||||&#8221; text_text_color=&#8221;#ffffff&#8221; header_5_font=&#8221;|600|||||||&#8221; header_5_text_color=&#8221;#ffffff&#8221;]<\/p>\n<h5>BSI North America<\/h5>\n<p><strong>USA<\/strong><br \/><strong style=\"color:white !important;\">+1 877 977 5775<\/strong><\/p>\n<p>[\/et_pb_text][\/et_pb_column][et_pb_column type=&#8221;1_4&#8243; _builder_version=&#8221;3.27&#8243;][et_pb_text _builder_version=&#8221;3.29.3&#8243; text_font=&#8221;|300|||||||&#8221; text_text_color=&#8221;#ffffff&#8221; header_5_font=&#8221;|600|||||||&#8221; header_5_text_color=&#8221;#ffffff&#8221; custom_margin=&#8221;||30px||false|false&#8221;]<\/p>\n<h5>BSI Asia Pacific<\/h5>\n<p><strong>AUSTRALIA<\/strong><br \/><strong>+61 (0)2 8814 1597<\/strong><\/p>\n<p>[\/et_pb_text][\/et_pb_column][et_pb_column type=&#8221;1_4&#8243; _builder_version=&#8221;3.27&#8243;][et_pb_text _builder_version=&#8221;3.27.4&#8243; text_font=&#8221;|300|||||||&#8221; text_text_color=&#8221;#ffffff&#8221; header_5_font=&#8221;|600|||||||&#8221; header_5_text_color=&#8221;#ffffff&#8221; custom_margin=&#8221;||5px||false|false&#8221;]<\/p>\n<h5>Contactez-nous<\/h5>\n<p>[\/et_pb_text][et_pb_image src=&#8221;https:\/\/poweredbyenos.com\/wp-content\/uploads\/2019\/10\/linkedin.png&#8221; url=&#8221;https:\/\/www.linkedin.com\/company\/poweredbyenos\/&#8221; url_new_window=&#8221;on&#8221; _builder_version=&#8221;3.27&#8243; custom_margin=&#8221;||15px||false|false&#8221;][\/et_pb_image][et_pb_image src=&#8221;https:\/\/poweredbyenos.com\/wp-content\/uploads\/2019\/10\/email.png&#8221; url=&#8221;mailto:info@poweredbyenos.com&#8221; _builder_version=&#8221;3.29.3&#8243; custom_margin=&#8221;||15px||false|false&#8221;][\/et_pb_image][et_pb_image src=&#8221;https:\/\/poweredbyenos.com\/wp-content\/uploads\/2019\/10\/bsi.png&#8221; _builder_version=&#8221;3.29.3&#8243; max_width=&#8221;90px&#8221;][\/et_pb_image][\/et_pb_column][\/et_pb_row][\/et_pb_section]<\/p>","protected":false},"excerpt":{"rendered":"<p>Service and SupportOur approach to achieving your vision At BSI we recognize that each client requires a unique and specific plan to achieve success. We begin each project by understanding your goals and expectations so that we appropriately set up the project to optimize the design of your new platform. We understand that planning and [&hellip;]<\/p>","protected":false},"author":43,"featured_media":0,"parent":0,"menu_order":0,"comment_status":"closed","ping_status":"closed","template":"","meta":{"_et_pb_use_builder":"on","_et_pb_old_content":"","_et_gb_content_width":"","_monsterinsights_skip_tracking":false,"_monsterinsights_sitenote_active":false,"_monsterinsights_sitenote_note":"","_monsterinsights_sitenote_category":0,"footnotes":""},"class_list":["post-31","page","type-page","status-publish","hentry"],"yoast_head":"<!-- This site is optimized with the Yoast SEO plugin v24.9 - https:\/\/yoast.com\/wordpress\/plugins\/seo\/ -->\n<title>service and support - enos<\/title>\n<meta name=\"robots\" content=\"index, follow, max-snippet:-1, max-image-preview:large, max-video-preview:-1\" \/>\n<link rel=\"canonical\" href=\"https:\/\/poweredbyenos.com\/fr\/service-and-support\/\" \/>\n<meta property=\"og:locale\" content=\"fr_FR\" \/>\n<meta property=\"og:type\" content=\"article\" \/>\n<meta property=\"og:title\" content=\"service and support - enos\" \/>\n<meta property=\"og:description\" content=\"Service and SupportOur approach to achieving your vision At BSI we recognize that each client requires a unique and specific plan to achieve success. We begin each project by understanding your goals and expectations so that we appropriately set up the project to optimize the design of your new platform. We understand that planning and [&hellip;]\" \/>\n<meta property=\"og:url\" content=\"https:\/\/poweredbyenos.com\/fr\/service-and-support\/\" \/>\n<meta property=\"og:site_name\" content=\"enos\" \/>\n<meta property=\"article:modified_time\" content=\"2021-05-03T09:03:51+00:00\" \/>\n<meta name=\"twitter:card\" content=\"summary_large_image\" \/>\n<meta name=\"twitter:label1\" content=\"Dur\u00e9e de lecture estim\u00e9e\" \/>\n\t<meta name=\"twitter:data1\" content=\"5 minutes\" \/>\n<script type=\"application\/ld+json\" class=\"yoast-schema-graph\">{\"@context\":\"https:\/\/schema.org\",\"@graph\":[{\"@type\":\"WebPage\",\"@id\":\"https:\/\/poweredbyenos.com\/service-and-support\/\",\"url\":\"https:\/\/poweredbyenos.com\/service-and-support\/\",\"name\":\"service and support - enos\",\"isPartOf\":{\"@id\":\"https:\/\/poweredbyenos.com\/#website\"},\"datePublished\":\"2019-10-02T01:51:46+00:00\",\"dateModified\":\"2021-05-03T09:03:51+00:00\",\"breadcrumb\":{\"@id\":\"https:\/\/poweredbyenos.com\/service-and-support\/#breadcrumb\"},\"inLanguage\":\"fr-FR\",\"potentialAction\":[{\"@type\":\"ReadAction\",\"target\":[\"https:\/\/poweredbyenos.com\/service-and-support\/\"]}]},{\"@type\":\"BreadcrumbList\",\"@id\":\"https:\/\/poweredbyenos.com\/service-and-support\/#breadcrumb\",\"itemListElement\":[{\"@type\":\"ListItem\",\"position\":1,\"name\":\"Home\",\"item\":\"https:\/\/poweredbyenos.com\/\"},{\"@type\":\"ListItem\",\"position\":2,\"name\":\"service and support\"}]},{\"@type\":\"WebSite\",\"@id\":\"https:\/\/poweredbyenos.com\/#website\",\"url\":\"https:\/\/poweredbyenos.com\/\",\"name\":\"enos\",\"description\":\"born adaptable\",\"publisher\":{\"@id\":\"https:\/\/poweredbyenos.com\/#organization\"},\"potentialAction\":[{\"@type\":\"SearchAction\",\"target\":{\"@type\":\"EntryPoint\",\"urlTemplate\":\"https:\/\/poweredbyenos.com\/?s={search_term_string}\"},\"query-input\":{\"@type\":\"PropertyValueSpecification\",\"valueRequired\":true,\"valueName\":\"search_term_string\"}}],\"inLanguage\":\"fr-FR\"},{\"@type\":\"Organization\",\"@id\":\"https:\/\/poweredbyenos.com\/#organization\",\"name\":\"BSI\",\"url\":\"https:\/\/poweredbyenos.com\/\",\"logo\":{\"@type\":\"ImageObject\",\"inLanguage\":\"fr-FR\",\"@id\":\"https:\/\/poweredbyenos.com\/#\/schema\/logo\/image\/\",\"url\":\"https:\/\/poweredbyenos.com\/wp-content\/uploads\/2019\/10\/Logo-BSI.png\",\"contentUrl\":\"https:\/\/poweredbyenos.com\/wp-content\/uploads\/2019\/10\/Logo-BSI.png\",\"width\":391,\"height\":228,\"caption\":\"BSI\"},\"image\":{\"@id\":\"https:\/\/poweredbyenos.com\/#\/schema\/logo\/image\/\"},\"sameAs\":[\"https:\/\/www.linkedin.com\/company\/poweredbyenos\/\"]}]}<\/script>\n<!-- \/ Yoast SEO plugin. -->","yoast_head_json":{"title":"service and support - enos","robots":{"index":"index","follow":"follow","max-snippet":"max-snippet:-1","max-image-preview":"max-image-preview:large","max-video-preview":"max-video-preview:-1"},"canonical":"https:\/\/poweredbyenos.com\/fr\/service-and-support\/","og_locale":"fr_FR","og_type":"article","og_title":"service and support - enos","og_description":"Service and SupportOur approach to achieving your vision At BSI we recognize that each client requires a unique and specific plan to achieve success. We begin each project by understanding your goals and expectations so that we appropriately set up the project to optimize the design of your new platform. We understand that planning and [&hellip;]","og_url":"https:\/\/poweredbyenos.com\/fr\/service-and-support\/","og_site_name":"enos","article_modified_time":"2021-05-03T09:03:51+00:00","twitter_card":"summary_large_image","twitter_misc":{"Dur\u00e9e de lecture estim\u00e9e":"5 minutes"},"schema":{"@context":"https:\/\/schema.org","@graph":[{"@type":"WebPage","@id":"https:\/\/poweredbyenos.com\/service-and-support\/","url":"https:\/\/poweredbyenos.com\/service-and-support\/","name":"service and support - enos","isPartOf":{"@id":"https:\/\/poweredbyenos.com\/#website"},"datePublished":"2019-10-02T01:51:46+00:00","dateModified":"2021-05-03T09:03:51+00:00","breadcrumb":{"@id":"https:\/\/poweredbyenos.com\/service-and-support\/#breadcrumb"},"inLanguage":"fr-FR","potentialAction":[{"@type":"ReadAction","target":["https:\/\/poweredbyenos.com\/service-and-support\/"]}]},{"@type":"BreadcrumbList","@id":"https:\/\/poweredbyenos.com\/service-and-support\/#breadcrumb","itemListElement":[{"@type":"ListItem","position":1,"name":"Home","item":"https:\/\/poweredbyenos.com\/"},{"@type":"ListItem","position":2,"name":"service and support"}]},{"@type":"WebSite","@id":"https:\/\/poweredbyenos.com\/#website","url":"https:\/\/poweredbyenos.com\/","name":"enos","description":"born adaptable","publisher":{"@id":"https:\/\/poweredbyenos.com\/#organization"},"potentialAction":[{"@type":"SearchAction","target":{"@type":"EntryPoint","urlTemplate":"https:\/\/poweredbyenos.com\/?s={search_term_string}"},"query-input":{"@type":"PropertyValueSpecification","valueRequired":true,"valueName":"search_term_string"}}],"inLanguage":"fr-FR"},{"@type":"Organization","@id":"https:\/\/poweredbyenos.com\/#organization","name":"BSI","url":"https:\/\/poweredbyenos.com\/","logo":{"@type":"ImageObject","inLanguage":"fr-FR","@id":"https:\/\/poweredbyenos.com\/#\/schema\/logo\/image\/","url":"https:\/\/poweredbyenos.com\/wp-content\/uploads\/2019\/10\/Logo-BSI.png","contentUrl":"https:\/\/poweredbyenos.com\/wp-content\/uploads\/2019\/10\/Logo-BSI.png","width":391,"height":228,"caption":"BSI"},"image":{"@id":"https:\/\/poweredbyenos.com\/#\/schema\/logo\/image\/"},"sameAs":["https:\/\/www.linkedin.com\/company\/poweredbyenos\/"]}]}},"jetpack_sharing_enabled":true,"_links":{"self":[{"href":"https:\/\/poweredbyenos.com\/fr\/wp-json\/wp\/v2\/pages\/31","targetHints":{"allow":["GET"]}}],"collection":[{"href":"https:\/\/poweredbyenos.com\/fr\/wp-json\/wp\/v2\/pages"}],"about":[{"href":"https:\/\/poweredbyenos.com\/fr\/wp-json\/wp\/v2\/types\/page"}],"author":[{"embeddable":true,"href":"https:\/\/poweredbyenos.com\/fr\/wp-json\/wp\/v2\/users\/43"}],"replies":[{"embeddable":true,"href":"https:\/\/poweredbyenos.com\/fr\/wp-json\/wp\/v2\/comments?post=31"}],"version-history":[{"count":19,"href":"https:\/\/poweredbyenos.com\/fr\/wp-json\/wp\/v2\/pages\/31\/revisions"}],"predecessor-version":[{"id":1493,"href":"https:\/\/poweredbyenos.com\/fr\/wp-json\/wp\/v2\/pages\/31\/revisions\/1493"}],"wp:attachment":[{"href":"https:\/\/poweredbyenos.com\/fr\/wp-json\/wp\/v2\/media?parent=31"}],"curies":[{"name":"wp","href":"https:\/\/api.w.org\/{rel}","templated":true}]}}