{"id":35,"date":"2019-10-02T01:52:09","date_gmt":"2019-10-02T01:52:09","guid":{"rendered":"http:\/\/86b8d774132251680.temporary.link\/?page_id=35"},"modified":"2022-06-21T15:39:51","modified_gmt":"2022-06-21T13:39:51","slug":"news-and-events","status":"publish","type":"page","link":"https:\/\/poweredbyenos.com\/fr\/news-and-events\/","title":{"rendered":"actualit\u00e9s"},"content":{"rendered":"<p>[et_pb_section fb_built=&#8221;1&#8243; custom_padding_last_edited=&#8221;on|phone&#8221; _builder_version=&#8221;3.27&#8243; background_image=&#8221;https:\/\/poweredbyenos.com\/wp-content\/uploads\/2019\/10\/pattern.jpg&#8221; background_position=&#8221;top_center&#8221; custom_padding=&#8221;25px||25px||true|false&#8221; custom_padding_tablet=&#8221;25px||25px||true|false&#8221; custom_padding_phone=&#8221;20px||20px||true|false&#8221; collapsed=&#8221;off&#8221; global_colors_info=&#8221;{}&#8221;][et_pb_row column_structure=&#8221;3_5,2_5&#8243; custom_padding_last_edited=&#8221;on|tablet&#8221; _builder_version=&#8221;3.27&#8243; custom_padding_tablet=&#8221;||||false|false&#8221; custom_padding_phone=&#8221;&#8221; collapsed=&#8221;off&#8221; global_colors_info=&#8221;{}&#8221;][et_pb_column type=&#8221;3_5&#8243; _builder_version=&#8221;3.27&#8243; global_colors_info=&#8221;{}&#8221;][et_pb_text _builder_version=&#8221;3.27.4&#8243; text_font_size=&#8221;19px&#8221; header_font=&#8221;|600|||||||&#8221; header_font_size=&#8221;50px&#8221; background_layout=&#8221;dark&#8221; text_font_size_tablet=&#8221;17px&#8221; text_font_size_phone=&#8221;15px&#8221; text_font_size_last_edited=&#8221;on|phone&#8221; header_font_size_tablet=&#8221;45px&#8221; header_font_size_phone=&#8221;40px&#8221; header_font_size_last_edited=&#8221;on|phone&#8221; global_colors_info=&#8221;{}&#8221;]<\/p>\n<h1>Actualit\u00e9s et \u00e9v\u00e8nements<\/h1>\n<p>[\/et_pb_text][\/et_pb_column][et_pb_column type=&#8221;2_5&#8243; _builder_version=&#8221;3.27&#8243; global_colors_info=&#8221;{}&#8221;][\/et_pb_column][\/et_pb_row][\/et_pb_section][et_pb_section fb_built=&#8221;1&#8243; _builder_version=&#8221;3.27&#8243; background_enable_image=&#8221;off&#8221; global_colors_info=&#8221;{}&#8221;][et_pb_row _builder_version=&#8221;3.27&#8243; collapsed=&#8221;on&#8221; global_colors_info=&#8221;{}&#8221;][et_pb_column type=&#8221;4_4&#8243; _builder_version=&#8221;3.27&#8243; global_colors_info=&#8221;{}&#8221;][et_pb_blog fullwidth=&#8221;off&#8221; posts_number=&#8221;12&#8243; include_categories=&#8221;9&#8243; use_manual_excerpt=&#8221;off&#8221; show_more=&#8221;on&#8221; show_author=&#8221;off&#8221; show_categories=&#8221;off&#8221; _builder_version=&#8221;3.27&#8243; global_colors_info=&#8221;{}&#8221;][\/et_pb_blog][\/et_pb_column][\/et_pb_row][\/et_pb_section][et_pb_section fb_built=&#8221;1&#8243; module_id=&#8221;enos-footer&#8221; module_class=&#8221;enos-footer&#8221; _builder_version=&#8221;3.29.3&#8243; background_image=&#8221;https:\/\/poweredbyenos.com\/wp-content\/uploads\/2019\/10\/footer-bg.jpg&#8221; global_module=&#8221;116&#8243; saved_tabs=&#8221;all&#8221; global_colors_info=&#8221;{}&#8221;][et_pb_row column_structure=&#8221;1_4,1_4,1_4,1_4&#8243; use_custom_gutter=&#8221;on&#8221; _builder_version=&#8221;3.27&#8243; global_colors_info=&#8221;{}&#8221;][et_pb_column type=&#8221;1_4&#8243; _builder_version=&#8221;3.27&#8243; global_colors_info=&#8221;{}&#8221;][et_pb_text content_tablet=&#8221;&#8221; content_phone=&#8221;&#8221; content_last_edited=&#8221;on|desktop&#8221; _builder_version=&#8221;3.29.3&#8243; text_font=&#8221;|300|||||||&#8221; text_text_color=&#8221;#ffffff&#8221; header_5_font=&#8221;|600|||||||&#8221; header_5_text_color=&#8221;#ffffff&#8221; custom_margin=&#8221;||30px||false|false&#8221; custom_css_main_element=&#8221;color:rgb(255,255,255) !important;&#8221; global_colors_info=&#8221;{}&#8221;]<\/p>\n<h5>BSI Europe<\/h5>\n<p><strong>FRANCE<\/strong><br \/><strong> +33 450 10 22 60<\/strong><\/p>\n<p>[\/et_pb_text][et_pb_image src=&#8221;https:\/\/poweredbyenos.com\/wp-content\/uploads\/2019\/10\/bsi.png&#8221; _builder_version=&#8221;3.29.3&#8243; max_width=&#8221;90px&#8221; global_colors_info=&#8221;{}&#8221;][\/et_pb_image][\/et_pb_column][et_pb_column type=&#8221;1_4&#8243; _builder_version=&#8221;3.27&#8243; global_colors_info=&#8221;{}&#8221;][et_pb_text _builder_version=&#8221;3.29.3&#8243; text_font=&#8221;|300|||||||&#8221; text_text_color=&#8221;#ffffff&#8221; header_5_font=&#8221;|600|||||||&#8221; header_5_text_color=&#8221;#ffffff&#8221; global_colors_info=&#8221;{}&#8221;]<\/p>\n<h5>BSI North America<\/h5>\n<p><strong>USA<\/strong><br \/><strong style=\"color:white !important;\">+1 877 977 5775<\/strong><\/p>\n<p>[\/et_pb_text][\/et_pb_column][et_pb_column type=&#8221;1_4&#8243; _builder_version=&#8221;3.27&#8243; global_colors_info=&#8221;{}&#8221;][et_pb_text _builder_version=&#8221;3.29.3&#8243; text_font=&#8221;|300|||||||&#8221; text_text_color=&#8221;#ffffff&#8221; header_5_font=&#8221;|600|||||||&#8221; header_5_text_color=&#8221;#ffffff&#8221; custom_margin=&#8221;||30px||false|false&#8221; global_colors_info=&#8221;{}&#8221;]<\/p>\n<h5>BSI Asia Pacific<\/h5>\n<p><strong>AUSTRALIA<\/strong><br \/><strong>+61 (0)2 8814 1597<\/strong><\/p>\n<p>[\/et_pb_text][\/et_pb_column][et_pb_column type=&#8221;1_4&#8243; _builder_version=&#8221;3.27&#8243; global_colors_info=&#8221;{}&#8221;][et_pb_image src=&#8221;https:\/\/poweredbyenos.com\/wp-content\/uploads\/2021\/06\/linkedin-logo.png&#8221; title_text=&#8221;linkedin-logo&#8221; url=&#8221;https:\/\/www.linkedin.com\/company\/poweredbyenos\/&#8221; url_new_window=&#8221;on&#8221; align=&#8221;center&#8221; _builder_version=&#8221;4.9.4&#8243; custom_margin=&#8221;||15px||false|false&#8221; global_colors_info=&#8221;{}&#8221;][\/et_pb_image][et_pb_image src=&#8221;https:\/\/poweredbyenos.com\/wp-content\/uploads\/2021\/06\/YouTube-logo.png&#8221; title_text=&#8221;YouTube-logo&#8221; url=&#8221;https:\/\/www.youtube.com\/channel\/UCiHPHEoSfh7TJ1A3UfcUvBQ&#8221; url_new_window=&#8221;on&#8221; align=&#8221;center&#8221; _builder_version=&#8221;4.9.4&#8243; custom_margin=&#8221;||15px||false|false&#8221; global_colors_info=&#8221;{}&#8221;][\/et_pb_image][et_pb_image src=&#8221;https:\/\/poweredbyenos.com\/wp-content\/uploads\/2021\/06\/email-logo.png&#8221; title_text=&#8221;email-logo&#8221; url=&#8221;mailto:info@poweredbyenos.com&#8221; align=&#8221;center&#8221; _builder_version=&#8221;4.9.4&#8243; custom_margin=&#8221;||15px||false|false&#8221; global_colors_info=&#8221;{}&#8221;][\/et_pb_image][\/et_pb_column][\/et_pb_row][\/et_pb_section]<\/p>","protected":false},"excerpt":{"rendered":"<p>News and eventsBSI Europe FRANCE +33 450 10 22 60BSI North America USA+1 877 977 5775BSI Asia Pacific AUSTRALIA+61 (0)2 8814 1597<\/p>","protected":false},"author":43,"featured_media":0,"parent":0,"menu_order":0,"comment_status":"closed","ping_status":"closed","template":"","meta":{"_et_pb_use_builder":"on","_et_pb_old_content":"","_et_gb_content_width":"","_monsterinsights_skip_tracking":false,"_monsterinsights_sitenote_active":false,"_monsterinsights_sitenote_note":"","_monsterinsights_sitenote_category":0,"footnotes":""},"class_list":["post-35","page","type-page","status-publish","hentry"],"yoast_head":"<!-- This site is optimized with the Yoast SEO plugin v24.9 - https:\/\/yoast.com\/wordpress\/plugins\/seo\/ -->\n<title>news and events - enos<\/title>\n<meta name=\"robots\" content=\"index, follow, max-snippet:-1, max-image-preview:large, max-video-preview:-1\" \/>\n<link rel=\"canonical\" href=\"https:\/\/poweredbyenos.com\/fr\/news-and-events\/\" \/>\n<meta property=\"og:locale\" content=\"fr_FR\" \/>\n<meta property=\"og:type\" content=\"article\" \/>\n<meta property=\"og:title\" content=\"news and events - enos\" \/>\n<meta property=\"og:description\" content=\"News and eventsBSI Europe FRANCE +33 450 10 22 60BSI North America USA+1 877 977 5775BSI Asia Pacific AUSTRALIA+61 (0)2 8814 1597\" \/>\n<meta property=\"og:url\" content=\"https:\/\/poweredbyenos.com\/fr\/news-and-events\/\" \/>\n<meta property=\"og:site_name\" content=\"enos\" \/>\n<meta property=\"article:modified_time\" content=\"2022-06-21T13:39:51+00:00\" \/>\n<meta name=\"twitter:card\" content=\"summary_large_image\" \/>\n<meta name=\"twitter:label1\" content=\"Dur\u00e9e de lecture estim\u00e9e\" \/>\n\t<meta name=\"twitter:data1\" content=\"3 minutes\" \/>\n<script type=\"application\/ld+json\" class=\"yoast-schema-graph\">{\"@context\":\"https:\/\/schema.org\",\"@graph\":[{\"@type\":\"WebPage\",\"@id\":\"https:\/\/poweredbyenos.com\/news-and-events\/\",\"url\":\"https:\/\/poweredbyenos.com\/news-and-events\/\",\"name\":\"news and events - enos\",\"isPartOf\":{\"@id\":\"https:\/\/poweredbyenos.com\/#website\"},\"datePublished\":\"2019-10-02T01:52:09+00:00\",\"dateModified\":\"2022-06-21T13:39:51+00:00\",\"breadcrumb\":{\"@id\":\"https:\/\/poweredbyenos.com\/news-and-events\/#breadcrumb\"},\"inLanguage\":\"fr-FR\",\"potentialAction\":[{\"@type\":\"ReadAction\",\"target\":[\"https:\/\/poweredbyenos.com\/news-and-events\/\"]}]},{\"@type\":\"BreadcrumbList\",\"@id\":\"https:\/\/poweredbyenos.com\/news-and-events\/#breadcrumb\",\"itemListElement\":[{\"@type\":\"ListItem\",\"position\":1,\"name\":\"Home\",\"item\":\"https:\/\/poweredbyenos.com\/\"},{\"@type\":\"ListItem\",\"position\":2,\"name\":\"news and events\"}]},{\"@type\":\"WebSite\",\"@id\":\"https:\/\/poweredbyenos.com\/#website\",\"url\":\"https:\/\/poweredbyenos.com\/\",\"name\":\"enos\",\"description\":\"born adaptable\",\"publisher\":{\"@id\":\"https:\/\/poweredbyenos.com\/#organization\"},\"potentialAction\":[{\"@type\":\"SearchAction\",\"target\":{\"@type\":\"EntryPoint\",\"urlTemplate\":\"https:\/\/poweredbyenos.com\/?s={search_term_string}\"},\"query-input\":{\"@type\":\"PropertyValueSpecification\",\"valueRequired\":true,\"valueName\":\"search_term_string\"}}],\"inLanguage\":\"fr-FR\"},{\"@type\":\"Organization\",\"@id\":\"https:\/\/poweredbyenos.com\/#organization\",\"name\":\"BSI\",\"url\":\"https:\/\/poweredbyenos.com\/\",\"logo\":{\"@type\":\"ImageObject\",\"inLanguage\":\"fr-FR\",\"@id\":\"https:\/\/poweredbyenos.com\/#\/schema\/logo\/image\/\",\"url\":\"https:\/\/poweredbyenos.com\/wp-content\/uploads\/2019\/10\/Logo-BSI.png\",\"contentUrl\":\"https:\/\/poweredbyenos.com\/wp-content\/uploads\/2019\/10\/Logo-BSI.png\",\"width\":391,\"height\":228,\"caption\":\"BSI\"},\"image\":{\"@id\":\"https:\/\/poweredbyenos.com\/#\/schema\/logo\/image\/\"},\"sameAs\":[\"https:\/\/www.linkedin.com\/company\/poweredbyenos\/\"]}]}<\/script>\n<!-- \/ Yoast SEO plugin. -->","yoast_head_json":{"title":"news and events - enos","robots":{"index":"index","follow":"follow","max-snippet":"max-snippet:-1","max-image-preview":"max-image-preview:large","max-video-preview":"max-video-preview:-1"},"canonical":"https:\/\/poweredbyenos.com\/fr\/news-and-events\/","og_locale":"fr_FR","og_type":"article","og_title":"news and events - enos","og_description":"News and eventsBSI Europe FRANCE +33 450 10 22 60BSI North America USA+1 877 977 5775BSI Asia Pacific AUSTRALIA+61 (0)2 8814 1597","og_url":"https:\/\/poweredbyenos.com\/fr\/news-and-events\/","og_site_name":"enos","article_modified_time":"2022-06-21T13:39:51+00:00","twitter_card":"summary_large_image","twitter_misc":{"Dur\u00e9e de lecture estim\u00e9e":"3 minutes"},"schema":{"@context":"https:\/\/schema.org","@graph":[{"@type":"WebPage","@id":"https:\/\/poweredbyenos.com\/news-and-events\/","url":"https:\/\/poweredbyenos.com\/news-and-events\/","name":"news and events - enos","isPartOf":{"@id":"https:\/\/poweredbyenos.com\/#website"},"datePublished":"2019-10-02T01:52:09+00:00","dateModified":"2022-06-21T13:39:51+00:00","breadcrumb":{"@id":"https:\/\/poweredbyenos.com\/news-and-events\/#breadcrumb"},"inLanguage":"fr-FR","potentialAction":[{"@type":"ReadAction","target":["https:\/\/poweredbyenos.com\/news-and-events\/"]}]},{"@type":"BreadcrumbList","@id":"https:\/\/poweredbyenos.com\/news-and-events\/#breadcrumb","itemListElement":[{"@type":"ListItem","position":1,"name":"Home","item":"https:\/\/poweredbyenos.com\/"},{"@type":"ListItem","position":2,"name":"news and events"}]},{"@type":"WebSite","@id":"https:\/\/poweredbyenos.com\/#website","url":"https:\/\/poweredbyenos.com\/","name":"enos","description":"born adaptable","publisher":{"@id":"https:\/\/poweredbyenos.com\/#organization"},"potentialAction":[{"@type":"SearchAction","target":{"@type":"EntryPoint","urlTemplate":"https:\/\/poweredbyenos.com\/?s={search_term_string}"},"query-input":{"@type":"PropertyValueSpecification","valueRequired":true,"valueName":"search_term_string"}}],"inLanguage":"fr-FR"},{"@type":"Organization","@id":"https:\/\/poweredbyenos.com\/#organization","name":"BSI","url":"https:\/\/poweredbyenos.com\/","logo":{"@type":"ImageObject","inLanguage":"fr-FR","@id":"https:\/\/poweredbyenos.com\/#\/schema\/logo\/image\/","url":"https:\/\/poweredbyenos.com\/wp-content\/uploads\/2019\/10\/Logo-BSI.png","contentUrl":"https:\/\/poweredbyenos.com\/wp-content\/uploads\/2019\/10\/Logo-BSI.png","width":391,"height":228,"caption":"BSI"},"image":{"@id":"https:\/\/poweredbyenos.com\/#\/schema\/logo\/image\/"},"sameAs":["https:\/\/www.linkedin.com\/company\/poweredbyenos\/"]}]}},"jetpack_sharing_enabled":true,"_links":{"self":[{"href":"https:\/\/poweredbyenos.com\/fr\/wp-json\/wp\/v2\/pages\/35","targetHints":{"allow":["GET"]}}],"collection":[{"href":"https:\/\/poweredbyenos.com\/fr\/wp-json\/wp\/v2\/pages"}],"about":[{"href":"https:\/\/poweredbyenos.com\/fr\/wp-json\/wp\/v2\/types\/page"}],"author":[{"embeddable":true,"href":"https:\/\/poweredbyenos.com\/fr\/wp-json\/wp\/v2\/users\/43"}],"replies":[{"embeddable":true,"href":"https:\/\/poweredbyenos.com\/fr\/wp-json\/wp\/v2\/comments?post=35"}],"version-history":[{"count":13,"href":"https:\/\/poweredbyenos.com\/fr\/wp-json\/wp\/v2\/pages\/35\/revisions"}],"predecessor-version":[{"id":1966,"href":"https:\/\/poweredbyenos.com\/fr\/wp-json\/wp\/v2\/pages\/35\/revisions\/1966"}],"wp:attachment":[{"href":"https:\/\/poweredbyenos.com\/fr\/wp-json\/wp\/v2\/media?parent=35"}],"curies":[{"name":"wp","href":"https:\/\/api.w.org\/{rel}","templated":true}]}}