{"id":37,"date":"2019-10-02T01:52:16","date_gmt":"2019-10-02T01:52:16","guid":{"rendered":"http:\/\/86b8d774132251680.temporary.link\/?page_id=37"},"modified":"2025-08-20T16:47:15","modified_gmt":"2025-08-20T14:47:15","slug":"our-story","status":"publish","type":"page","link":"https:\/\/poweredbyenos.com\/fr\/our-story\/","title":{"rendered":"Notre histoire"},"content":{"rendered":"<p>[et_pb_section fb_built=&#8221;1&#8243; custom_padding_last_edited=&#8221;on|phone&#8221; _builder_version=&#8221;3.27&#8243; background_image=&#8221;https:\/\/poweredbyenos.com\/wp-content\/uploads\/2019\/10\/pattern.jpg&#8221; background_position=&#8221;top_center&#8221; custom_padding=&#8221;25px||25px||true|false&#8221; custom_padding_tablet=&#8221;25px||25px||true|false&#8221; custom_padding_phone=&#8221;20px||20px||true|false&#8221; global_colors_info=&#8221;{}&#8221;][et_pb_row column_structure=&#8221;3_5,2_5&#8243; custom_padding_last_edited=&#8221;on|tablet&#8221; _builder_version=&#8221;3.27&#8243; custom_padding_tablet=&#8221;||||false|false&#8221; custom_padding_phone=&#8221;&#8221; global_colors_info=&#8221;{}&#8221;][et_pb_column type=&#8221;3_5&#8243; _builder_version=&#8221;3.27&#8243; global_colors_info=&#8221;{}&#8221;][et_pb_text _builder_version=&#8221;3.27.4&#8243; text_font_size=&#8221;19px&#8221; header_font=&#8221;|600|||||||&#8221; header_font_size=&#8221;50px&#8221; background_layout=&#8221;dark&#8221; text_font_size_tablet=&#8221;17px&#8221; text_font_size_phone=&#8221;15px&#8221; text_font_size_last_edited=&#8221;on|phone&#8221; header_font_size_tablet=&#8221;45px&#8221; header_font_size_phone=&#8221;40px&#8221; header_font_size_last_edited=&#8221;on|phone&#8221; global_colors_info=&#8221;{}&#8221;]<\/p>\n<h1>Notre histoire<\/h1>\n<p>[\/et_pb_text][\/et_pb_column][et_pb_column type=&#8221;2_5&#8243; _builder_version=&#8221;3.27&#8243; global_colors_info=&#8221;{}&#8221;][\/et_pb_column][\/et_pb_row][\/et_pb_section][et_pb_section fb_built=&#8221;1&#8243; _builder_version=&#8221;3.27&#8243; background_enable_image=&#8221;off&#8221; global_colors_info=&#8221;{}&#8221;][et_pb_row column_structure=&#8221;3_5,2_5&#8243; _builder_version=&#8221;3.27&#8243; global_colors_info=&#8221;{}&#8221;][et_pb_column type=&#8221;3_5&#8243; _builder_version=&#8221;3.27&#8243; global_colors_info=&#8221;{}&#8221;][et_pb_text _builder_version=&#8221;3.29.3&#8243; header_3_font=&#8221;|600|||||||&#8221; global_colors_info=&#8221;{}&#8221; text_text_align_phone=&#8221;center&#8221; text_text_align_last_edited=&#8221;on|phone&#8221;]<\/p>\n<h2><strong>L'histoire de BSI<\/strong><strong>\u00a0<\/strong><\/h2>\n<p>Fond\u00e9e en 1988, Brain and Software International (BSI) est une soci\u00e9t\u00e9 de d\u00e9veloppement de logiciels ax\u00e9e sur la rationalisation des processus et l'am\u00e9lioration de l'efficacit\u00e9 dans les domaines s\u00e9curis\u00e9s de la sant\u00e9 et de la d\u00e9fense. Des institutions de recherche de premier plan et les forces arm\u00e9es fran\u00e7aises d\u00e9pendent de logiciel BSI pour g\u00e9rer les \u00e9l\u00e9ments essentiels de leur cha\u00eene d'approvisionnement.<\/p>\n<p>Nous sommes entr\u00e9s dans le domaine des sciences de la vie en 2005, \u00e0 la demande d'un centre d\u2019\u00e9levage de primates non humains (PNH), devant g\u00e9rer les d\u00e9fis sp\u00e9cifiques de la production, de la manipulation, du soin et de l'exp\u00e9dition de sujets vivants, pr\u00e9cieux et sensibles. L\u2019efficacit\u00e9 du logiciel a rapidement conduit \u00e0 son adoption et d\u00e9ploiement par d\u2019autres centres de PNH aux \u00c9tats-Unis et en Europe.<\/p>\n<p>Forts de notre engagement en mati\u00e8re de recherche et d\u00e9veloppement, nous avons d\u00e9velopp\u00e9 la  deuxi\u00e8me g\u00e9n\u00e9ration de logiciel en 2007, offrant de nouvelles efficiences et perspectives - enos \u00e9tait n\u00e9. Des installations et d\u00e9ploiements suppl\u00e9mentaires du logiciel de gestion d\u2019animalerie suivirent en Europe et aux \u00c9tats-Unis.<\/p>\n<p>Avec l'av\u00e8nement des nouvelles technologies et des capacit\u00e9s Internet, nous avons compris qu'il \u00e9tait possible de cr\u00e9er une nouvelle g\u00e9n\u00e9ration d'enos facile \u00e0 utiliser pour toutes les esp\u00e8ces animales. Sur une p\u00e9riode de trois ans, nous avons investi dans l\u2019architecture et les bases pour poser les fondations de la version actuelle d\u2019enos, une solution tr\u00e8s adaptable, pouvant \u00e9voluer facilement pour faire face \u00e0 tout changement de pr\u00e9requis en animalerie. Nous continuons \u00e0 investir pour rester \u00e0 la pointe des avanc\u00e9es technologiques qui \u00e9voluent rapidement.<\/p>\n<p class=\"translation-block\">En parall\u00e8le, nous avons d\u00e9velopp\u00e9 une expertise interne forte en sciences de la vie pour permettre une approche consultative. Pour chaque client, nous commen\u00e7ons par analyser les processus, les pr\u00e9requis et objectifs, pour planifier, pr\u00e9parer et d\u00e9ployer une solution adapt\u00e9e.<\/p>\n<p>[\/et_pb_text][\/et_pb_column][et_pb_column type=&#8221;2_5&#8243; _builder_version=&#8221;3.27&#8243; global_colors_info=&#8221;{}&#8221;][et_pb_image src=&#8221;https:\/\/poweredbyenos.com\/wp-content\/uploads\/2019\/10\/Team-enos-2.jpg&#8221; _builder_version=&#8221;3.27&#8243; global_colors_info=&#8221;{}&#8221;][\/et_pb_image][\/et_pb_column][\/et_pb_row][\/et_pb_section][et_pb_section fb_built=&#8221;1&#8243; _builder_version=&#8221;3.27&#8243; custom_padding=&#8221;60px||60px||true|false&#8221; global_colors_info=&#8221;{}&#8221;][et_pb_row _builder_version=&#8221;3.27&#8243; global_colors_info=&#8221;{}&#8221;][et_pb_column type=&#8221;4_4&#8243; _builder_version=&#8221;3.27&#8243; global_colors_info=&#8221;{}&#8221;][et_pb_text _builder_version=&#8221;3.29.3&#8243; header_font=&#8221;|600|||||||&#8221; header_text_align=&#8221;center&#8221; global_colors_info=&#8221;{}&#8221;]<a id=\"staff-bios\"><\/a><\/p>\n<h1>Rencontrez notre \u00e9quipe d'experts<\/h1>\n<p>[\/et_pb_text][et_pb_divider color=&#8221;#546061&#8243; divider_weight=&#8221;4px&#8221; _builder_version=&#8221;3.27&#8243; max_width=&#8221;85px&#8221; module_alignment=&#8221;center&#8221; custom_margin=&#8221;-20px||||false|false&#8221; global_colors_info=&#8221;{}&#8221;][\/et_pb_divider][\/et_pb_column][\/et_pb_row][et_pb_row use_custom_gutter=&#8221;on&#8221; gutter_width=&#8221;2&#8243; _builder_version=&#8221;3.27&#8243; custom_margin=&#8221;-8px|auto||auto||&#8221; global_colors_info=&#8221;{}&#8221;][et_pb_column type=&#8221;4_4&#8243; _builder_version=&#8221;3.27&#8243; global_colors_info=&#8221;{}&#8221;][et_pb_blurb title=&#8221;Pierre-Yves Blanchet&#8221; image=&#8221;https:\/\/poweredbyenos.com\/wp-content\/uploads\/2019\/10\/PY-Blanchet.jpg&#8221; alt=&#8221;Pierre-Yves Blanchet&#8221; _builder_version=&#8221;4.0.7&#8243; global_colors_info=&#8221;{}&#8221;]<\/p>\n<p>PDG<\/p>\n<p>Pierre-Yves a co-fond\u00e9 ALPII en 1988, le pr\u00e9curseur de Brain &amp; Software International (BSI). La croissance de la soci\u00e9t\u00e9 a permis \u00e0 Pierre-Yves  d\u2019acqu\u00e9rir et d\u2019int\u00e9grer trois autres \u00e9diteurs de logiciels, et de superviser l\u2019int\u00e9gration des employ\u00e9s, des clients et des produits nouvellement acquis. Pierre-Yves  a toujours manifest\u00e9 un vif int\u00e9r\u00eat pour le bien-\u00eatre des employ\u00e9s et est fier du taux de r\u00e9tention du personnel exceptionnellement \u00e9lev\u00e9 chez BSI.<\/p>\n<p>Dans ses fonctions actuelles, Pierre-Yves  est responsable de la gestion globale de BSI, ce qui comprend la mise en \u0153uvre de strat\u00e9gies financi\u00e8res pour acc\u00e9l\u00e9rer la croissance internationale rapide de BSI.<\/p>\n<p>Pierre-Yves  est dipl\u00f4m\u00e9 en ing\u00e9nierie informatique de l'Universit\u00e9 de Gen\u00e8ve. Pierre-Yves  aime s'occuper des centaines d'arbres qu'il a plant\u00e9s pour les g\u00e9n\u00e9rations futures ou chercher des truffes avec son chien Pazzo.<\/p>\n<p>[\/et_pb_blurb][\/et_pb_column][\/et_pb_row][et_pb_row _builder_version=&#8221;4.10.5&#8243; _module_preset=&#8221;default&#8221; column_structure=&#8221;1_2,1_2&#8243;][et_pb_column _builder_version=&#8221;4.10.5&#8243; _module_preset=&#8221;default&#8221; type=&#8221;1_2&#8243;][et_pb_blurb title=&#8221;Mat Sanderson &#8221; image=&#8221;https:\/\/poweredbyenos.com\/wp-content\/uploads\/2019\/10\/Mat-Sanderson.jpg&#8221; _builder_version=&#8221;3.27&#8243; global_colors_info=&#8221;{}&#8221;]<\/p>\n<p><span>Managing Director<\/span><\/p>\n<p><span>Mat is responsible for the overall operations and strategic direction of our enos software. His role is to help deliver an effective product, both now and in the future, to ensure continued customer success. His extensive background in facility management is helpful in steering this process.<\/span><\/p>\n<p><span style=\"font-size: 15px;\">Avant de rejoindre BSI, Mat a travaill\u00e9 pendant plus de 20 ans dans la gestion d\u2019Animaleries chez Agenda Life Sciences et Covance. Son exp\u00e9rience inclue la gestion de plusieurs animaleries de recherche dans les domaines de la pharmacie, CRO\u2019s, universit\u00e9s, et centre d\u2019elevage. Ces r\u00f4les ont permis d\u2019acqu\u00e9rir une exp\u00e9rience directe de l'exploitation d'animalerie sur plusieurs esp\u00e8ces, les proc\u00e9dures r\u00e9glement\u00e9es et la conformit\u00e9 aux exigences r\u00e9glementaires, la coordination des importations et des exportations internationales, la formation du personnel.<\/span><\/p>\n<p><span>Mat is bilingual English &amp; German. In his free time, Mat is an artisan baker, and can be frequently seen exploring unbeaten tracks on his quad bike.\u00a0<\/span><\/p>\n<p>[\/et_pb_blurb][\/et_pb_column][et_pb_column _builder_version=&#8221;4.10.5&#8243; _module_preset=&#8221;default&#8221; type=&#8221;1_2&#8243;][et_pb_blurb title=&#8221;Christophe Goutti\u00e8re-Delacroix   &#8221; image=&#8221;https:\/\/poweredbyenos.com\/wp-content\/uploads\/2019\/10\/Christophe-Goutiere.jpg&#8221; alt=&#8221;Christophe Goutti\u00e8re-Delacroix   &#8221; _builder_version=&#8221;4.0.7&#8243; global_colors_info=&#8221;{}&#8221;]<\/p>\n<p>Directeur de la Technologie<\/p>\n<p>Christophe travaille chez BSI depuis plus de 20 ans. Durant cette p\u00e9riode, Christophe a supervis\u00e9 avec succ\u00e8s le d\u00e9veloppement de plusieurs g\u00e9n\u00e9rations de solutions logicielles pour les clients de BSI. Christophe est passionn\u00e9 par le fait de rester \u00e0 la pointe de la technologie en \u00e9volution rapide,  et a jou\u00e9 un r\u00f4le d\u00e9terminant dans l'exploitation de la puissance des outils Web pour une meilleure exp\u00e9rience client.<\/p>\n<p><span style=\"font-size: 15px;\">Christophe est titulaire d'un dipl\u00f4me en math\u00e9matiques et en informatique de \u00c9cole Internationale des Sciences du Traitement de l'Information (EISTI), Paris. Dans ses temps libres, Christophe pratique les sports de plein air, appr\u00e9cie la nature et organise des sorties sur la route avec des amis.<\/span><\/p>\n<p>[\/et_pb_blurb][\/et_pb_column][\/et_pb_row][et_pb_row column_structure=&#8221;1_2,1_2&#8243; use_custom_gutter=&#8221;on&#8221; gutter_width=&#8221;2&#8243; _builder_version=&#8221;3.27&#8243; custom_margin=&#8221;-8px|auto||auto||&#8221; global_colors_info=&#8221;{}&#8221;][et_pb_column type=&#8221;1_2&#8243; _builder_version=&#8221;3.27&#8243; global_colors_info=&#8221;{}&#8221;][et_pb_blurb title=&#8221;Valeriia Iakovenko&#8221; image=&#8221;https:\/\/poweredbyenos.com\/wp-content\/uploads\/2020\/05\/Valeriia-Iakovenko.jpg&#8221; _builder_version=&#8221;4.0.7&#8243; global_colors_info=&#8221;{}&#8221;]<\/p>\n<p class=\"x_MsoNormal\"><span data-ogsc=\"rgb(34, 34, 34)\">Product Manager<\/span><\/p>\n<p><span data-ogsc=\"rgb(34, 34, 34)\">Dans son r\u00f4le, Valeriia \u00e9change activement avec nos clients et partenaires afin de comprendre les besoins sp\u00e9cifiques et \u00e9mergents.\u00a0<\/span><span data-ogsc=\"rgb(34, 34, 34)\" lang=\"FR\">Valeriia est passionn\u00e9e par l\u2019analyse des processus et des flux de travail qu'elle sait traduire directement en sp\u00e9cifications fonctionnelles et techniques.<\/span><\/p>\n<p><span>Avant de rejoindre BSI, Valeriia a travaill\u00e9 pendant 8 ans comme Chef de Projet Fonctionnel dans une soci\u00e9t\u00e9 internationale de recherche marketing. Elle a assur\u00e9 la responsabilit\u00e9 du pilotage de plusieurs projets de recherche et d\u00e9veloppement pour diff\u00e9rents services. <\/span><\/p>\n<p><span>Valeriia est titulaire d\u2019un Masters en Informatique D\u00e9cisionnelle et Statistique de l\u2019Universit\u00e9 Lyon 2. Valeriia aime la plong\u00e9e sous-marine, l\u2019\u00e9quitation et les courses \u00e0 pied autours du lac d\u2019Annecy. Valeriia est une p\u00e2tissi\u00e8re avertie et surprend toujours ses coll\u00e8gues de BSI avec des g\u00e2teaux d\u2019anniversaire fabuleux. <\/span><\/p>\n<p>[\/et_pb_blurb][\/et_pb_column][et_pb_column _builder_version=&#8221;4.10.5&#8243; _module_preset=&#8221;default&#8221; type=&#8221;1_2&#8243;][et_pb_blurb title=&#8221;L\u00e9o Herlin &#8221; image=&#8221;https:\/\/poweredbyenos.com\/wp-content\/uploads\/2019\/10\/Leo-Herlin.jpg&#8221; _builder_version=&#8221;3.27&#8243; global_colors_info=&#8221;{}&#8221;]<\/p>\n<p><span>Responsable Service Support Client<\/span><\/p>\n<p>L\u00e9o dirige l'\u00e9quipe de service Support o\u00f9 sa mission est d'assurer un haut niveau de satisfaction pour nos clients. L\u00e9o est appr\u00e9ci\u00e9 pour ses comp\u00e9tences techniques, sa grande patience et son suivi minutieux.<span>\u00a0<\/span><\/p>\n<p><span>Avant de rejoindre BSI, L\u00e9o a travaill\u00e9 pour Merck Sharp &amp; Dohme (MSD), o\u00f9 il dirigeait une \u00e9quipe charg\u00e9e de d\u00e9velopper du contenu m\u00e9dical sur application mobile. Leo a \u00e9galement travaill\u00e9 en tant que Product Owner pour une soci\u00e9t\u00e9 pharmaceutique, o\u00f9 il a d\u00e9velopp\u00e9 un distributeur de m\u00e9dicaments connect\u00e9 pour les patients en traitement chronique. Le nouveau produit a re\u00e7u de nombreux prix au Salon international de l'\u00e9lectronique grand public (CES).<\/span><span>\u00a0<\/span><\/p>\n<p><span>L\u00e9o est titulaire d\u2019une ma\u00eetrise en informatique de l\u2019Universit\u00e9 d\u2019Oxford (Royaume-Uni), d\u2019un certificat en gestion de Dominican University Californie (\u00c9tats-Unis) et d\u2019un dipl\u00f4me en Pharmacie de l\u2019Universit\u00e9 de Caen. Leo est un grand fan de football et soutient le club de sa ville natale Caen. Il est un cin\u00e9phile passionn\u00e9 et particuli\u00e8rement friand de thrillers. <\/span><span>\u00a0 <\/span><\/p>\n<p><strong><em>\u00a0<\/em><\/strong><\/p>\n<p>[\/et_pb_blurb][\/et_pb_column][\/et_pb_row][\/et_pb_section][et_pb_section fb_built=&#8221;1&#8243; module_id=&#8221;enos-footer&#8221; module_class=&#8221;enos-footer&#8221; _builder_version=&#8221;3.29.3&#8243; background_image=&#8221;https:\/\/poweredbyenos.com\/wp-content\/uploads\/2019\/10\/footer-bg.jpg&#8221; global_module=&#8221;116&#8243; saved_tabs=&#8221;all&#8221; global_colors_info=&#8221;{}&#8221;][et_pb_row column_structure=&#8221;1_4,1_4,1_4,1_4&#8243; use_custom_gutter=&#8221;on&#8221; _builder_version=&#8221;3.27&#8243; global_colors_info=&#8221;{}&#8221;][et_pb_column type=&#8221;1_4&#8243; _builder_version=&#8221;3.27&#8243; global_colors_info=&#8221;{}&#8221;][et_pb_text content_tablet=&#8221;&#8221; content_phone=&#8221;&#8221; content_last_edited=&#8221;on|desktop&#8221; _builder_version=&#8221;3.29.3&#8243; text_font=&#8221;|300|||||||&#8221; text_text_color=&#8221;#ffffff&#8221; header_5_font=&#8221;|600|||||||&#8221; header_5_text_color=&#8221;#ffffff&#8221; custom_margin=&#8221;||30px||false|false&#8221; custom_css_main_element=&#8221;color:rgb(255,255,255) !important;&#8221; global_colors_info=&#8221;{}&#8221;]<\/p>\n<h5>BSI Europe<\/h5>\n<p><strong>FRANCE<\/strong><br \/><strong> +33 450 10 22 60<\/strong><\/p>\n<p>[\/et_pb_text][et_pb_image src=&#8221;https:\/\/poweredbyenos.com\/wp-content\/uploads\/2019\/10\/bsi.png&#8221; _builder_version=&#8221;3.29.3&#8243; max_width=&#8221;90px&#8221; global_colors_info=&#8221;{}&#8221;][\/et_pb_image][\/et_pb_column][et_pb_column type=&#8221;1_4&#8243; _builder_version=&#8221;3.27&#8243; global_colors_info=&#8221;{}&#8221;][et_pb_text _builder_version=&#8221;3.29.3&#8243; text_font=&#8221;|300|||||||&#8221; text_text_color=&#8221;#ffffff&#8221; header_5_font=&#8221;|600|||||||&#8221; header_5_text_color=&#8221;#ffffff&#8221; global_colors_info=&#8221;{}&#8221;]<\/p>\n<h5>BSI North America<\/h5>\n<p><strong>USA<\/strong><br \/><strong style=\"color:white !important;\">+1 877 977 5775<\/strong><\/p>\n<p>[\/et_pb_text][\/et_pb_column][et_pb_column type=&#8221;1_4&#8243; _builder_version=&#8221;3.27&#8243; global_colors_info=&#8221;{}&#8221;][et_pb_text _builder_version=&#8221;3.29.3&#8243; text_font=&#8221;|300|||||||&#8221; text_text_color=&#8221;#ffffff&#8221; header_5_font=&#8221;|600|||||||&#8221; header_5_text_color=&#8221;#ffffff&#8221; custom_margin=&#8221;||30px||false|false&#8221; global_colors_info=&#8221;{}&#8221;]<\/p>\n<h5>BSI Asia Pacific<\/h5>\n<p><strong>AUSTRALIA<\/strong><br \/><strong>+61 (0)2 8814 1597<\/strong><\/p>\n<p>[\/et_pb_text][\/et_pb_column][et_pb_column type=&#8221;1_4&#8243; _builder_version=&#8221;3.27&#8243; global_colors_info=&#8221;{}&#8221;][et_pb_image src=&#8221;https:\/\/poweredbyenos.com\/wp-content\/uploads\/2021\/06\/linkedin-logo.png&#8221; title_text=&#8221;linkedin-logo&#8221; url=&#8221;https:\/\/www.linkedin.com\/company\/poweredbyenos\/&#8221; url_new_window=&#8221;on&#8221; align=&#8221;center&#8221; _builder_version=&#8221;4.9.4&#8243; custom_margin=&#8221;||15px||false|false&#8221; global_colors_info=&#8221;{}&#8221;][\/et_pb_image][et_pb_image src=&#8221;https:\/\/poweredbyenos.com\/wp-content\/uploads\/2021\/06\/YouTube-logo.png&#8221; title_text=&#8221;YouTube-logo&#8221; url=&#8221;https:\/\/www.youtube.com\/channel\/UCiHPHEoSfh7TJ1A3UfcUvBQ&#8221; url_new_window=&#8221;on&#8221; align=&#8221;center&#8221; _builder_version=&#8221;4.9.4&#8243; custom_margin=&#8221;||15px||false|false&#8221; global_colors_info=&#8221;{}&#8221;][\/et_pb_image][et_pb_image src=&#8221;https:\/\/poweredbyenos.com\/wp-content\/uploads\/2021\/06\/email-logo.png&#8221; title_text=&#8221;email-logo&#8221; url=&#8221;mailto:info@poweredbyenos.com&#8221; align=&#8221;center&#8221; _builder_version=&#8221;4.9.4&#8243; custom_margin=&#8221;||15px||false|false&#8221; global_colors_info=&#8221;{}&#8221;][\/et_pb_image][\/et_pb_column][\/et_pb_row][\/et_pb_section]<\/p>","protected":false},"excerpt":{"rendered":"<p>Our storyThe BSI story\u00a0 Founded in 1988, Brain and Software International (BSI) is a software development company focused on streamlining processes and increasing efficiencies for highly secure organizations in sectors of Healthcare and Defense. Top research facilities and the French armed forces depend on BSI software to manage essential parts of their supply chain. We [&hellip;]<\/p>","protected":false},"author":43,"featured_media":0,"parent":0,"menu_order":0,"comment_status":"closed","ping_status":"closed","template":"","meta":{"_et_pb_use_builder":"on","_et_pb_old_content":"","_et_gb_content_width":"","_monsterinsights_skip_tracking":false,"_monsterinsights_sitenote_active":false,"_monsterinsights_sitenote_note":"","_monsterinsights_sitenote_category":0,"footnotes":""},"class_list":["post-37","page","type-page","status-publish","hentry"],"yoast_head":"<!-- This site is optimized with the Yoast SEO plugin v24.9 - https:\/\/yoast.com\/wordpress\/plugins\/seo\/ -->\n<title>Our story - enos<\/title>\n<meta name=\"robots\" content=\"index, follow, max-snippet:-1, max-image-preview:large, max-video-preview:-1\" \/>\n<link rel=\"canonical\" href=\"https:\/\/poweredbyenos.com\/fr\/our-story\/\" \/>\n<meta property=\"og:locale\" content=\"fr_FR\" \/>\n<meta property=\"og:type\" content=\"article\" \/>\n<meta property=\"og:title\" content=\"Our story - enos\" \/>\n<meta property=\"og:description\" content=\"Our storyThe BSI story\u00a0 Founded in 1988, Brain and Software International (BSI) is a software development company focused on streamlining processes and increasing efficiencies for highly secure organizations in sectors of Healthcare and Defense. Top research facilities and the French armed forces depend on BSI software to manage essential parts of their supply chain. We [&hellip;]\" \/>\n<meta property=\"og:url\" content=\"https:\/\/poweredbyenos.com\/fr\/our-story\/\" \/>\n<meta property=\"og:site_name\" content=\"enos\" \/>\n<meta property=\"article:modified_time\" content=\"2025-08-20T14:47:15+00:00\" \/>\n<meta name=\"twitter:card\" content=\"summary_large_image\" \/>\n<meta name=\"twitter:label1\" content=\"Dur\u00e9e de lecture estim\u00e9e\" \/>\n\t<meta name=\"twitter:data1\" content=\"7 minutes\" \/>\n<script type=\"application\/ld+json\" class=\"yoast-schema-graph\">{\"@context\":\"https:\/\/schema.org\",\"@graph\":[{\"@type\":\"WebPage\",\"@id\":\"https:\/\/poweredbyenos.com\/our-story\/\",\"url\":\"https:\/\/poweredbyenos.com\/our-story\/\",\"name\":\"Our story - enos\",\"isPartOf\":{\"@id\":\"https:\/\/poweredbyenos.com\/#website\"},\"datePublished\":\"2019-10-02T01:52:16+00:00\",\"dateModified\":\"2025-08-20T14:47:15+00:00\",\"breadcrumb\":{\"@id\":\"https:\/\/poweredbyenos.com\/our-story\/#breadcrumb\"},\"inLanguage\":\"fr-FR\",\"potentialAction\":[{\"@type\":\"ReadAction\",\"target\":[\"https:\/\/poweredbyenos.com\/our-story\/\"]}]},{\"@type\":\"BreadcrumbList\",\"@id\":\"https:\/\/poweredbyenos.com\/our-story\/#breadcrumb\",\"itemListElement\":[{\"@type\":\"ListItem\",\"position\":1,\"name\":\"Home\",\"item\":\"https:\/\/poweredbyenos.com\/\"},{\"@type\":\"ListItem\",\"position\":2,\"name\":\"Our story\"}]},{\"@type\":\"WebSite\",\"@id\":\"https:\/\/poweredbyenos.com\/#website\",\"url\":\"https:\/\/poweredbyenos.com\/\",\"name\":\"enos\",\"description\":\"born adaptable\",\"publisher\":{\"@id\":\"https:\/\/poweredbyenos.com\/#organization\"},\"potentialAction\":[{\"@type\":\"SearchAction\",\"target\":{\"@type\":\"EntryPoint\",\"urlTemplate\":\"https:\/\/poweredbyenos.com\/?s={search_term_string}\"},\"query-input\":{\"@type\":\"PropertyValueSpecification\",\"valueRequired\":true,\"valueName\":\"search_term_string\"}}],\"inLanguage\":\"fr-FR\"},{\"@type\":\"Organization\",\"@id\":\"https:\/\/poweredbyenos.com\/#organization\",\"name\":\"BSI\",\"url\":\"https:\/\/poweredbyenos.com\/\",\"logo\":{\"@type\":\"ImageObject\",\"inLanguage\":\"fr-FR\",\"@id\":\"https:\/\/poweredbyenos.com\/#\/schema\/logo\/image\/\",\"url\":\"https:\/\/poweredbyenos.com\/wp-content\/uploads\/2019\/10\/Logo-BSI.png\",\"contentUrl\":\"https:\/\/poweredbyenos.com\/wp-content\/uploads\/2019\/10\/Logo-BSI.png\",\"width\":391,\"height\":228,\"caption\":\"BSI\"},\"image\":{\"@id\":\"https:\/\/poweredbyenos.com\/#\/schema\/logo\/image\/\"},\"sameAs\":[\"https:\/\/www.linkedin.com\/company\/poweredbyenos\/\"]}]}<\/script>\n<!-- \/ Yoast SEO plugin. -->","yoast_head_json":{"title":"Our story - enos","robots":{"index":"index","follow":"follow","max-snippet":"max-snippet:-1","max-image-preview":"max-image-preview:large","max-video-preview":"max-video-preview:-1"},"canonical":"https:\/\/poweredbyenos.com\/fr\/our-story\/","og_locale":"fr_FR","og_type":"article","og_title":"Our story - enos","og_description":"Our storyThe BSI story\u00a0 Founded in 1988, Brain and Software International (BSI) is a software development company focused on streamlining processes and increasing efficiencies for highly secure organizations in sectors of Healthcare and Defense. Top research facilities and the French armed forces depend on BSI software to manage essential parts of their supply chain. We [&hellip;]","og_url":"https:\/\/poweredbyenos.com\/fr\/our-story\/","og_site_name":"enos","article_modified_time":"2025-08-20T14:47:15+00:00","twitter_card":"summary_large_image","twitter_misc":{"Dur\u00e9e de lecture estim\u00e9e":"7 minutes"},"schema":{"@context":"https:\/\/schema.org","@graph":[{"@type":"WebPage","@id":"https:\/\/poweredbyenos.com\/our-story\/","url":"https:\/\/poweredbyenos.com\/our-story\/","name":"Our story - enos","isPartOf":{"@id":"https:\/\/poweredbyenos.com\/#website"},"datePublished":"2019-10-02T01:52:16+00:00","dateModified":"2025-08-20T14:47:15+00:00","breadcrumb":{"@id":"https:\/\/poweredbyenos.com\/our-story\/#breadcrumb"},"inLanguage":"fr-FR","potentialAction":[{"@type":"ReadAction","target":["https:\/\/poweredbyenos.com\/our-story\/"]}]},{"@type":"BreadcrumbList","@id":"https:\/\/poweredbyenos.com\/our-story\/#breadcrumb","itemListElement":[{"@type":"ListItem","position":1,"name":"Home","item":"https:\/\/poweredbyenos.com\/"},{"@type":"ListItem","position":2,"name":"Our story"}]},{"@type":"WebSite","@id":"https:\/\/poweredbyenos.com\/#website","url":"https:\/\/poweredbyenos.com\/","name":"enos","description":"born adaptable","publisher":{"@id":"https:\/\/poweredbyenos.com\/#organization"},"potentialAction":[{"@type":"SearchAction","target":{"@type":"EntryPoint","urlTemplate":"https:\/\/poweredbyenos.com\/?s={search_term_string}"},"query-input":{"@type":"PropertyValueSpecification","valueRequired":true,"valueName":"search_term_string"}}],"inLanguage":"fr-FR"},{"@type":"Organization","@id":"https:\/\/poweredbyenos.com\/#organization","name":"BSI","url":"https:\/\/poweredbyenos.com\/","logo":{"@type":"ImageObject","inLanguage":"fr-FR","@id":"https:\/\/poweredbyenos.com\/#\/schema\/logo\/image\/","url":"https:\/\/poweredbyenos.com\/wp-content\/uploads\/2019\/10\/Logo-BSI.png","contentUrl":"https:\/\/poweredbyenos.com\/wp-content\/uploads\/2019\/10\/Logo-BSI.png","width":391,"height":228,"caption":"BSI"},"image":{"@id":"https:\/\/poweredbyenos.com\/#\/schema\/logo\/image\/"},"sameAs":["https:\/\/www.linkedin.com\/company\/poweredbyenos\/"]}]}},"jetpack_sharing_enabled":true,"_links":{"self":[{"href":"https:\/\/poweredbyenos.com\/fr\/wp-json\/wp\/v2\/pages\/37","targetHints":{"allow":["GET"]}}],"collection":[{"href":"https:\/\/poweredbyenos.com\/fr\/wp-json\/wp\/v2\/pages"}],"about":[{"href":"https:\/\/poweredbyenos.com\/fr\/wp-json\/wp\/v2\/types\/page"}],"author":[{"embeddable":true,"href":"https:\/\/poweredbyenos.com\/fr\/wp-json\/wp\/v2\/users\/43"}],"replies":[{"embeddable":true,"href":"https:\/\/poweredbyenos.com\/fr\/wp-json\/wp\/v2\/comments?post=37"}],"version-history":[{"count":31,"href":"https:\/\/poweredbyenos.com\/fr\/wp-json\/wp\/v2\/pages\/37\/revisions"}],"predecessor-version":[{"id":2142,"href":"https:\/\/poweredbyenos.com\/fr\/wp-json\/wp\/v2\/pages\/37\/revisions\/2142"}],"wp:attachment":[{"href":"https:\/\/poweredbyenos.com\/fr\/wp-json\/wp\/v2\/media?parent=37"}],"curies":[{"name":"wp","href":"https:\/\/api.w.org\/{rel}","templated":true}]}}